{"id":2575,"date":"2020-12-24T09:12:05","date_gmt":"2020-12-24T09:12:05","guid":{"rendered":"https:\/\/valdemeigas.es\/vinedos\/"},"modified":"2021-01-30T12:42:42","modified_gmt":"2021-01-30T11:42:42","slug":"vineyards","status":"publish","type":"page","link":"https:\/\/valdemeigas.es\/en\/vineyards\/","title":{"rendered":"Vineyards"},"content":{"rendered":"\t\t<div data-elementor-type=\"wp-page\" data-elementor-id=\"2575\" class=\"elementor elementor-2575 elementor-1129\" data-elementor-settings=\"[]\">\n\t\t\t\t\t\t<div class=\"elementor-inner\">\n\t\t\t\t\t\t\t<div class=\"elementor-section-wrap\">\n\t\t\t\t\t\t\t<section class=\"penci-section penci-disSticky penci-structure-10 elementor-section elementor-top-section elementor-element elementor-element-21fb861 elementor-section-boxed elementor-section-height-default elementor-section-height-default\" data-id=\"21fb861\" data-element_type=\"section\" data-settings=\"{&quot;background_background&quot;:&quot;classic&quot;}\">\n\t\t\t\t\t\t<div class=\"elementor-container elementor-column-gap-default\">\n\t\t\t\t\t\t\t<div class=\"elementor-row\">\n\t\t\t\t\t<div class=\"penci-ercol-100 penci-ercol-order-1 penci-sticky-ct  elementor-column elementor-col-100 elementor-top-column elementor-element elementor-element-da4829f\" data-id=\"da4829f\" data-element_type=\"column\">\n\t\t\t<div class=\"theiaStickySidebar elementor-column-wrap elementor-element-populated\">\n\t\t\t\t\t\t\t<div class=\"elementor-widget-wrap\">\n\t\t\t\t\t\t<div class=\"elementor-element elementor-element-128ea17 elementor-widget elementor-widget-text-editor\" data-id=\"128ea17\" data-element_type=\"widget\" data-widget_type=\"text-editor.default\">\n\t\t\t\t<div class=\"elementor-widget-container\">\n\t\t\t\t\t<div class=\"elementor-text-editor elementor-clearfix\"><p>SALN\u00c9S VALLEY\u00a0 \u00a0 VINEYARDS<\/p><\/div>\n\t\t\t\t<\/div>\n\t\t\t\t<\/div>\n\t\t\t\t\t\t<\/div>\n\t\t\t\t\t<\/div>\n\t\t<\/div>\n\t\t\t\t\t\t\t\t<\/div>\n\t\t\t\t\t<\/div>\n\t\t<\/section>\n\t\t\t\t<section class=\"penci-section penci-disSticky penci-structure-21 elementor-section elementor-top-section elementor-element elementor-element-e330116 elementor-reverse-mobile elementor-section-boxed elementor-section-height-default elementor-section-height-default\" data-id=\"e330116\" data-element_type=\"section\">\n\t\t\t\t\t\t<div class=\"elementor-container elementor-column-gap-default\">\n\t\t\t\t\t\t\t<div class=\"elementor-row\">\n\t\t\t\t\t<div class=\"penci-ercol-33 penci-ercol-order-1 penci-sticky-sb penci-sidebarSC elementor-column elementor-col-33 elementor-top-column elementor-element elementor-element-e89b49e\" data-id=\"e89b49e\" data-element_type=\"column\">\n\t\t\t<div class=\"theiaStickySidebar elementor-column-wrap elementor-element-populated\">\n\t\t\t\t\t\t\t<div class=\"elementor-widget-wrap\">\n\t\t\t\t\t\t<div class=\"elementor-element elementor-element-ac324cb elementor-widget elementor-widget-penci-fancy_heading\" data-id=\"ac324cb\" data-element_type=\"widget\" data-widget_type=\"penci-fancy_heading.default\">\n\t\t\t\t<div class=\"elementor-widget-container\">\n\t\t\t\t\t<div class=\"penci-fancy-heading penci-heading-text-left\">\r\n\t\t\t<div class=\"penci-fancy-heading-inner\">\r\n\t\t\t\t<h2 class=\"penci-heading-title\">Saln\u00e9s Valley<\/h2><div class=\"penci-heading-content entry-content\"><p>Saln\u00e9s Valley is an area where the largest area of vineyards and wineries of the R\u00edas Baixas Designation of Origin is concentrated. The territory of the Albari\u00f1o dominates in excellence, and is one with the most consolidated wine making tradition. It runs along the coast from part of the Pontevedra estuary and the entire Arosa estuary, having the Umia river as its epicenter.<\/p>\n<\/div>\t\t\t<\/div>\r\n\t\t<\/div>\r\n\t\t\t\t<\/div>\n\t\t\t\t<\/div>\n\t\t\t\t\t\t<\/div>\n\t\t\t\t\t<\/div>\n\t\t<\/div>\n\t\t\t\t<div class=\"penci-ercol-66 penci-ercol-order-2 penci-sticky-ct  elementor-column elementor-col-66 elementor-top-column elementor-element elementor-element-7a94ace\" data-id=\"7a94ace\" data-element_type=\"column\">\n\t\t\t<div class=\"theiaStickySidebar elementor-column-wrap elementor-element-populated\">\n\t\t\t\t\t\t\t<div class=\"elementor-widget-wrap\">\n\t\t\t\t\t\t<div class=\"elementor-element elementor-element-7923329 elementor-widget elementor-widget-image\" data-id=\"7923329\" data-element_type=\"widget\" data-widget_type=\"image.default\">\n\t\t\t\t<div class=\"elementor-widget-container\">\n\t\t\t\t\t<div class=\"elementor-image\">\n\t\t\t\t\t\t\t\t\t\t<img width=\"960\" height=\"906\" src=\"https:\/\/valdemeigas.es\/wp-content\/uploads\/2020\/12\/vinedos-principal.jpg\" class=\"attachment-large size-large\" alt=\"\" loading=\"lazy\" srcset=\"https:\/\/valdemeigas.es\/wp-content\/uploads\/2020\/12\/vinedos-principal.jpg 960w, https:\/\/valdemeigas.es\/wp-content\/uploads\/2020\/12\/vinedos-principal-300x283.jpg 300w, https:\/\/valdemeigas.es\/wp-content\/uploads\/2020\/12\/vinedos-principal-768x725.jpg 768w, https:\/\/valdemeigas.es\/wp-content\/uploads\/2020\/12\/vinedos-principal-585x552.jpg 585w\" sizes=\"(max-width: 960px) 100vw, 960px\" \/>\t\t\t\t\t\t\t\t\t\t\t<\/div>\n\t\t\t\t<\/div>\n\t\t\t\t<\/div>\n\t\t\t\t\t\t<\/div>\n\t\t\t\t\t<\/div>\n\t\t<\/div>\n\t\t\t\t\t\t\t\t<\/div>\n\t\t\t\t\t<\/div>\n\t\t<\/section>\n\t\t\t\t<section class=\"penci-section penci-disSticky penci-structure-21 elementor-section elementor-top-section elementor-element elementor-element-9f04944 elementor-section-content-middle elementor-section-boxed elementor-section-height-default elementor-section-height-default\" data-id=\"9f04944\" data-element_type=\"section\">\n\t\t\t\t\t\t<div class=\"elementor-container elementor-column-gap-default\">\n\t\t\t\t\t\t\t<div class=\"elementor-row\">\n\t\t\t\t\t<div class=\"penci-ercol-33 penci-ercol-order-1 penci-sticky-sb penci-sidebarSC elementor-column elementor-col-33 elementor-top-column elementor-element elementor-element-211b2bc\" data-id=\"211b2bc\" data-element_type=\"column\">\n\t\t\t<div class=\"theiaStickySidebar elementor-column-wrap elementor-element-populated\">\n\t\t\t\t\t\t\t<div class=\"elementor-widget-wrap\">\n\t\t\t\t\t\t<div class=\"elementor-element elementor-element-c1023fd elementor-widget elementor-widget-text-editor\" data-id=\"c1023fd\" data-element_type=\"widget\" data-widget_type=\"text-editor.default\">\n\t\t\t\t<div class=\"elementor-widget-container\">\n\t\t\t\t\t<div class=\"elementor-text-editor elementor-clearfix\"><p>The King variety, without any doubt in the Valley, is the Albari\u00f1o variety. Why? As often happens, varieties must go hand in hand with two key elements in all wine making: <strong>climate and soil<\/strong>. In this sub area of the D.O. R\u00edas Baixas, soil and climate perfectly embrace the Albari\u00f1o, because it is very resistant to adverse weather conditions.<\/p><\/div>\n\t\t\t\t<\/div>\n\t\t\t\t<\/div>\n\t\t\t\t\t\t<\/div>\n\t\t\t\t\t<\/div>\n\t\t<\/div>\n\t\t\t\t<div class=\"penci-ercol-66 penci-ercol-order-2 penci-sticky-ct  elementor-column elementor-col-66 elementor-top-column elementor-element elementor-element-190a674\" data-id=\"190a674\" data-element_type=\"column\">\n\t\t\t<div class=\"theiaStickySidebar elementor-column-wrap elementor-element-populated\">\n\t\t\t\t\t\t\t<div class=\"elementor-widget-wrap\">\n\t\t\t\t\t\t<div class=\"elementor-element elementor-element-6a83269 elementor-widget elementor-widget-text-editor\" data-id=\"6a83269\" data-element_type=\"widget\" data-widget_type=\"text-editor.default\">\n\t\t\t\t<div class=\"elementor-widget-container\">\n\t\t\t\t\t<div class=\"elementor-text-editor elementor-clearfix\"><p><strong>The R\u00edas Baixas Designation<\/strong> of Origin is fully integrated into the great Atlantic region, on the northeast coast of Spain. Its climatic dynamics are those of this area, which gives this Albari\u00f1o variety of wines a great personality, unique and genuine, a <strong>true fruit of the Atlantic climate<\/strong>.<\/p><\/div>\n\t\t\t\t<\/div>\n\t\t\t\t<\/div>\n\t\t\t\t\t\t<\/div>\n\t\t\t\t\t<\/div>\n\t\t<\/div>\n\t\t\t\t\t\t\t\t<\/div>\n\t\t\t\t\t<\/div>\n\t\t<\/section>\n\t\t\t\t<section class=\"penci-section penci-disSticky penci-structure-20 elementor-section elementor-top-section elementor-element elementor-element-6aa9ef7 elementor-reverse-mobile elementor-section-boxed elementor-section-height-default elementor-section-height-default\" data-id=\"6aa9ef7\" data-element_type=\"section\">\n\t\t\t\t\t\t<div class=\"elementor-container elementor-column-gap-default\">\n\t\t\t\t\t\t\t<div class=\"elementor-row\">\n\t\t\t\t\t<div class=\"penci-ercol-50 penci-ercol-order-1 penci-sticky-ct  elementor-column elementor-col-50 elementor-top-column elementor-element elementor-element-689a011\" data-id=\"689a011\" data-element_type=\"column\">\n\t\t\t<div class=\"theiaStickySidebar elementor-column-wrap elementor-element-populated\">\n\t\t\t\t\t\t\t<div class=\"elementor-widget-wrap\">\n\t\t\t\t\t\t<div class=\"elementor-element elementor-element-f6541ef elementor-widget elementor-widget-penci-fancy_heading\" data-id=\"f6541ef\" data-element_type=\"widget\" data-widget_type=\"penci-fancy_heading.default\">\n\t\t\t\t<div class=\"elementor-widget-container\">\n\t\t\t\t\t<div class=\"penci-fancy-heading penci-heading-text-left\">\r\n\t\t\t<div class=\"penci-fancy-heading-inner\">\r\n\t\t\t\t<h2 class=\"penci-heading-title\">Vineyards <\/h2><div class=\"penci-heading-content entry-content\"><p>The VAL de MEIGAS vineyards are found throughout the Saln\u00e9s Valley, on small hills that do not exceed 100 meters above sea level.<\/p>\n<\/div>\t\t\t<\/div>\r\n\t\t<\/div>\r\n\t\t\t\t<\/div>\n\t\t\t\t<\/div>\n\t\t\t\t\t\t<\/div>\n\t\t\t\t\t<\/div>\n\t\t<\/div>\n\t\t\t\t<div class=\"penci-ercol-50 penci-ercol-order-2 penci-sticky-ct  elementor-column elementor-col-50 elementor-top-column elementor-element elementor-element-0151d20\" data-id=\"0151d20\" data-element_type=\"column\">\n\t\t\t<div class=\"theiaStickySidebar elementor-column-wrap elementor-element-populated\">\n\t\t\t\t\t\t\t<div class=\"elementor-widget-wrap\">\n\t\t\t\t\t\t<div class=\"elementor-element elementor-element-81e203d elementor-widget elementor-widget-image\" data-id=\"81e203d\" data-element_type=\"widget\" data-widget_type=\"image.default\">\n\t\t\t\t<div class=\"elementor-widget-container\">\n\t\t\t\t\t<div class=\"elementor-image\">\n\t\t\t\t\t\t\t\t\t\t<img width=\"2048\" height=\"591\" src=\"https:\/\/valdemeigas.es\/wp-content\/uploads\/2020\/12\/vinedos-3-copia.jpg\" class=\"attachment-full size-full\" alt=\"\" loading=\"lazy\" srcset=\"https:\/\/valdemeigas.es\/wp-content\/uploads\/2020\/12\/vinedos-3-copia.jpg 2048w, https:\/\/valdemeigas.es\/wp-content\/uploads\/2020\/12\/vinedos-3-copia-300x87.jpg 300w, https:\/\/valdemeigas.es\/wp-content\/uploads\/2020\/12\/vinedos-3-copia-1024x296.jpg 1024w, https:\/\/valdemeigas.es\/wp-content\/uploads\/2020\/12\/vinedos-3-copia-768x222.jpg 768w, https:\/\/valdemeigas.es\/wp-content\/uploads\/2020\/12\/vinedos-3-copia-1536x443.jpg 1536w, https:\/\/valdemeigas.es\/wp-content\/uploads\/2020\/12\/vinedos-3-copia-1920x554.jpg 1920w, https:\/\/valdemeigas.es\/wp-content\/uploads\/2020\/12\/vinedos-3-copia-1170x338.jpg 1170w, https:\/\/valdemeigas.es\/wp-content\/uploads\/2020\/12\/vinedos-3-copia-585x169.jpg 585w\" sizes=\"(max-width: 2048px) 100vw, 2048px\" \/>\t\t\t\t\t\t\t\t\t\t\t<\/div>\n\t\t\t\t<\/div>\n\t\t\t\t<\/div>\n\t\t\t\t\t\t<\/div>\n\t\t\t\t\t<\/div>\n\t\t<\/div>\n\t\t\t\t\t\t\t\t<\/div>\n\t\t\t\t\t<\/div>\n\t\t<\/section>\n\t\t\t\t<section class=\"penci-section penci-disSticky penci-structure-20 elementor-section elementor-top-section elementor-element elementor-element-d43fa85 elementor-section-boxed elementor-section-height-default elementor-section-height-default\" data-id=\"d43fa85\" data-element_type=\"section\">\n\t\t\t\t\t\t<div class=\"elementor-container elementor-column-gap-default\">\n\t\t\t\t\t\t\t<div class=\"elementor-row\">\n\t\t\t\t\t<div class=\"penci-ercol-50 penci-ercol-order-1 penci-sticky-ct  elementor-column elementor-col-50 elementor-top-column elementor-element elementor-element-40cec5b\" data-id=\"40cec5b\" data-element_type=\"column\">\n\t\t\t<div class=\"theiaStickySidebar elementor-column-wrap elementor-element-populated\">\n\t\t\t\t\t\t\t<div class=\"elementor-widget-wrap\">\n\t\t\t\t\t\t<section class=\"penci-section penci-disSticky penci-structure-20 elementor-section elementor-inner-section elementor-element elementor-element-5fbc5cf elementor-section-boxed elementor-section-height-default elementor-section-height-default\" data-id=\"5fbc5cf\" data-element_type=\"section\">\n\t\t\t\t\t\t<div class=\"elementor-container elementor-column-gap-default\">\n\t\t\t\t\t\t\t<div class=\"elementor-row\">\n\t\t\t\t\t<div class=\"penci-ercol-50 penci-ercol-order-1 penci-sticky-ct  elementor-column elementor-col-50 elementor-inner-column elementor-element elementor-element-fe62573\" data-id=\"fe62573\" data-element_type=\"column\">\n\t\t\t<div class=\"theiaStickySidebar elementor-column-wrap elementor-element-populated\">\n\t\t\t\t\t\t\t<div class=\"elementor-widget-wrap\">\n\t\t\t\t\t\t<div class=\"elementor-element elementor-element-ef3e4de elementor-widget elementor-widget-image\" data-id=\"ef3e4de\" data-element_type=\"widget\" data-widget_type=\"image.default\">\n\t\t\t\t<div class=\"elementor-widget-container\">\n\t\t\t\t\t<div class=\"elementor-image\">\n\t\t\t\t\t\t\t\t\t\t<img width=\"1600\" height=\"903\" src=\"https:\/\/valdemeigas.es\/wp-content\/uploads\/2020\/12\/foto-1.jpg\" class=\"attachment-full size-full\" alt=\"\" loading=\"lazy\" srcset=\"https:\/\/valdemeigas.es\/wp-content\/uploads\/2020\/12\/foto-1.jpg 1600w, https:\/\/valdemeigas.es\/wp-content\/uploads\/2020\/12\/foto-1-300x169.jpg 300w, https:\/\/valdemeigas.es\/wp-content\/uploads\/2020\/12\/foto-1-1024x578.jpg 1024w, https:\/\/valdemeigas.es\/wp-content\/uploads\/2020\/12\/foto-1-768x433.jpg 768w, https:\/\/valdemeigas.es\/wp-content\/uploads\/2020\/12\/foto-1-1536x867.jpg 1536w, https:\/\/valdemeigas.es\/wp-content\/uploads\/2020\/12\/foto-1-1170x660.jpg 1170w, https:\/\/valdemeigas.es\/wp-content\/uploads\/2020\/12\/foto-1-585x330.jpg 585w\" sizes=\"(max-width: 1600px) 100vw, 1600px\" \/>\t\t\t\t\t\t\t\t\t\t\t<\/div>\n\t\t\t\t<\/div>\n\t\t\t\t<\/div>\n\t\t\t\t\t\t<\/div>\n\t\t\t\t\t<\/div>\n\t\t<\/div>\n\t\t\t\t<div class=\"penci-ercol-50 penci-ercol-order-2 penci-sticky-ct  elementor-column elementor-col-50 elementor-inner-column elementor-element elementor-element-3afcdcd\" data-id=\"3afcdcd\" data-element_type=\"column\">\n\t\t\t<div class=\"theiaStickySidebar elementor-column-wrap elementor-element-populated\">\n\t\t\t\t\t\t\t<div class=\"elementor-widget-wrap\">\n\t\t\t\t\t\t<div class=\"elementor-element elementor-element-9b86038 elementor-widget elementor-widget-image\" data-id=\"9b86038\" data-element_type=\"widget\" data-widget_type=\"image.default\">\n\t\t\t\t<div class=\"elementor-widget-container\">\n\t\t\t\t\t<div class=\"elementor-image\">\n\t\t\t\t\t\t\t\t\t\t<img width=\"1600\" height=\"903\" src=\"https:\/\/valdemeigas.es\/wp-content\/uploads\/2020\/12\/foto-2.jpg\" class=\"attachment-full size-full\" alt=\"\" loading=\"lazy\" srcset=\"https:\/\/valdemeigas.es\/wp-content\/uploads\/2020\/12\/foto-2.jpg 1600w, https:\/\/valdemeigas.es\/wp-content\/uploads\/2020\/12\/foto-2-300x169.jpg 300w, https:\/\/valdemeigas.es\/wp-content\/uploads\/2020\/12\/foto-2-1024x578.jpg 1024w, https:\/\/valdemeigas.es\/wp-content\/uploads\/2020\/12\/foto-2-768x433.jpg 768w, https:\/\/valdemeigas.es\/wp-content\/uploads\/2020\/12\/foto-2-1536x867.jpg 1536w, https:\/\/valdemeigas.es\/wp-content\/uploads\/2020\/12\/foto-2-1170x660.jpg 1170w, https:\/\/valdemeigas.es\/wp-content\/uploads\/2020\/12\/foto-2-585x330.jpg 585w\" sizes=\"(max-width: 1600px) 100vw, 1600px\" \/>\t\t\t\t\t\t\t\t\t\t\t<\/div>\n\t\t\t\t<\/div>\n\t\t\t\t<\/div>\n\t\t\t\t\t\t<\/div>\n\t\t\t\t\t<\/div>\n\t\t<\/div>\n\t\t\t\t\t\t\t\t<\/div>\n\t\t\t\t\t<\/div>\n\t\t<\/section>\n\t\t\t\t<section class=\"penci-section penci-disSticky penci-structure-20 elementor-section elementor-inner-section elementor-element elementor-element-66ac7a6 elementor-section-boxed elementor-section-height-default elementor-section-height-default\" data-id=\"66ac7a6\" data-element_type=\"section\">\n\t\t\t\t\t\t<div class=\"elementor-container elementor-column-gap-default\">\n\t\t\t\t\t\t\t<div class=\"elementor-row\">\n\t\t\t\t\t<div class=\"penci-ercol-50 penci-ercol-order-1 penci-sticky-ct  elementor-column elementor-col-50 elementor-inner-column elementor-element elementor-element-8af55b8\" data-id=\"8af55b8\" data-element_type=\"column\">\n\t\t\t<div class=\"theiaStickySidebar elementor-column-wrap elementor-element-populated\">\n\t\t\t\t\t\t\t<div class=\"elementor-widget-wrap\">\n\t\t\t\t\t\t<div class=\"elementor-element elementor-element-2cb6d2d elementor-widget elementor-widget-penci-fancy_heading\" data-id=\"2cb6d2d\" data-element_type=\"widget\" data-widget_type=\"penci-fancy_heading.default\">\n\t\t\t\t<div class=\"elementor-widget-container\">\n\t\t\t\t\t<div class=\"penci-fancy-heading penci-heading-text-left\">\r\n\t\t\t<div class=\"penci-fancy-heading-inner\">\r\n\t\t\t\t<div class=\"penci-heading-content entry-content\"><p>Rebeca and her family carry out all the work of tending to the vineyards: pruning, background fertilizers, pest control, trimming, harvesting ...<\/p>\n<\/div>\t\t\t<\/div>\r\n\t\t<\/div>\r\n\t\t\t\t<\/div>\n\t\t\t\t<\/div>\n\t\t\t\t\t\t<\/div>\n\t\t\t\t\t<\/div>\n\t\t<\/div>\n\t\t\t\t<div class=\"penci-ercol-50 penci-ercol-order-2 penci-sticky-ct  elementor-column elementor-col-50 elementor-inner-column elementor-element elementor-element-dd26686\" data-id=\"dd26686\" data-element_type=\"column\">\n\t\t\t<div class=\"theiaStickySidebar elementor-column-wrap elementor-element-populated\">\n\t\t\t\t\t\t\t<div class=\"elementor-widget-wrap\">\n\t\t\t\t\t\t<div class=\"elementor-element elementor-element-d9efc96 elementor-widget elementor-widget-image\" data-id=\"d9efc96\" data-element_type=\"widget\" data-widget_type=\"image.default\">\n\t\t\t\t<div class=\"elementor-widget-container\">\n\t\t\t\t\t<div class=\"elementor-image\">\n\t\t\t\t\t\t\t\t\t\t<img width=\"1280\" height=\"1209\" src=\"https:\/\/valdemeigas.es\/wp-content\/uploads\/2021\/01\/foto-poda.jpg\" class=\"attachment-full size-full\" alt=\"\" loading=\"lazy\" srcset=\"https:\/\/valdemeigas.es\/wp-content\/uploads\/2021\/01\/foto-poda.jpg 1280w, https:\/\/valdemeigas.es\/wp-content\/uploads\/2021\/01\/foto-poda-300x283.jpg 300w, https:\/\/valdemeigas.es\/wp-content\/uploads\/2021\/01\/foto-poda-1024x967.jpg 1024w, https:\/\/valdemeigas.es\/wp-content\/uploads\/2021\/01\/foto-poda-768x725.jpg 768w, https:\/\/valdemeigas.es\/wp-content\/uploads\/2021\/01\/foto-poda-1170x1105.jpg 1170w, https:\/\/valdemeigas.es\/wp-content\/uploads\/2021\/01\/foto-poda-585x553.jpg 585w\" sizes=\"(max-width: 1280px) 100vw, 1280px\" \/>\t\t\t\t\t\t\t\t\t\t\t<\/div>\n\t\t\t\t<\/div>\n\t\t\t\t<\/div>\n\t\t\t\t\t\t<\/div>\n\t\t\t\t\t<\/div>\n\t\t<\/div>\n\t\t\t\t\t\t\t\t<\/div>\n\t\t\t\t\t<\/div>\n\t\t<\/section>\n\t\t\t\t\t\t<\/div>\n\t\t\t\t\t<\/div>\n\t\t<\/div>\n\t\t\t\t<div class=\"penci-ercol-50 penci-ercol-order-3 penci-sticky-ct  elementor-column elementor-col-50 elementor-top-column elementor-element elementor-element-4e9850c\" data-id=\"4e9850c\" data-element_type=\"column\">\n\t\t\t<div class=\"theiaStickySidebar elementor-column-wrap elementor-element-populated\">\n\t\t\t\t\t\t\t<div class=\"elementor-widget-wrap\">\n\t\t\t\t\t\t<div class=\"elementor-element elementor-element-9ce721d elementor-widget elementor-widget-penci-fancy_heading\" data-id=\"9ce721d\" data-element_type=\"widget\" data-widget_type=\"penci-fancy_heading.default\">\n\t\t\t\t<div class=\"elementor-widget-container\">\n\t\t\t\t\t<div class=\"penci-fancy-heading penci-heading-text-left\">\r\n\t\t\t<div class=\"penci-fancy-heading-inner\">\r\n\t\t\t\t<h2 class=\"penci-heading-title\">Technology and tradition <\/h2><div class=\"penci-heading-content entry-content\"><p>The elaboration of VAL de MEIGAS, with 100% of the Albari\u00f1o variety, combines traditional techniques with the most modern technology, allowing one get the most out of this autochthonous variety, which results in a unique and different wine. A wine with a marked Atlantic character and excellent quality, resulting in a delight for anyone who tries it.<br \/>\n<br \/>\nThe winery is <b>ISO 9001<\/b> Certified. This certification is recognized throughout the world and guarantees the quality and safety of VAL de MEIGAS, placing the wine up to the highest standards of the wine industry.<\/p>\n<\/div>\t\t\t<\/div>\r\n\t\t<\/div>\r\n\t\t\t\t<\/div>\n\t\t\t\t<\/div>\n\t\t\t\t\t\t<\/div>\n\t\t\t\t\t<\/div>\n\t\t<\/div>\n\t\t\t\t\t\t\t\t<\/div>\n\t\t\t\t\t<\/div>\n\t\t<\/section>\n\t\t\t\t<section class=\"penci-section penci-disSticky penci-structure-10 elementor-section elementor-top-section elementor-element elementor-element-8e4f62c elementor-section-boxed elementor-section-height-default elementor-section-height-default\" data-id=\"8e4f62c\" data-element_type=\"section\">\n\t\t\t\t\t\t<div class=\"elementor-container elementor-column-gap-default\">\n\t\t\t\t\t\t\t<div class=\"elementor-row\">\n\t\t\t\t\t<div class=\"penci-ercol-100 penci-ercol-order-1 penci-sticky-ct  elementor-column elementor-col-100 elementor-top-column elementor-element elementor-element-54cc408\" data-id=\"54cc408\" data-element_type=\"column\">\n\t\t\t<div class=\"theiaStickySidebar elementor-column-wrap elementor-element-populated\">\n\t\t\t\t\t\t\t<div class=\"elementor-widget-wrap\">\n\t\t\t\t\t\t<div class=\"elementor-element elementor-element-0bbb11a elementor-widget elementor-widget-text-editor\" data-id=\"0bbb11a\" data-element_type=\"widget\" data-widget_type=\"text-editor.default\">\n\t\t\t\t<div class=\"elementor-widget-container\">\n\t\t\t\t\t<div class=\"elementor-text-editor elementor-clearfix\"><p>\u201cOur vineyards depend on the good health of the land where they are planted. We take care of this land and the vineyards with the same love and affection that a father takes care of his son so that he grows strong and healthy. Each bottled vintage is a reflection of this love and commitment.&#8221;<\/p><\/div>\n\t\t\t\t<\/div>\n\t\t\t\t<\/div>\n\t\t\t\t<div class=\"elementor-element elementor-element-262d8e9 elementor-widget elementor-widget-text-editor\" data-id=\"262d8e9\" data-element_type=\"widget\" data-widget_type=\"text-editor.default\">\n\t\t\t\t<div class=\"elementor-widget-container\">\n\t\t\t\t\t<div class=\"elementor-text-editor elementor-clearfix\"><p>&#8211; Rebeca Barral, founder and director, Albari\u00f1o Val de Meigas<\/p><\/div>\n\t\t\t\t<\/div>\n\t\t\t\t<\/div>\n\t\t\t\t\t\t<\/div>\n\t\t\t\t\t<\/div>\n\t\t<\/div>\n\t\t\t\t\t\t\t\t<\/div>\n\t\t\t\t\t<\/div>\n\t\t<\/section>\n\t\t\t\t\t\t<\/div>\n\t\t\t\t\t\t<\/div>\n\t\t\t\t\t<\/div>\n\t\t","protected":false},"excerpt":{"rendered":"<p>SALN\u00c9S VALLEY\u00a0 \u00a0 VINEYARDS Saln\u00e9s Valley Saln\u00e9s Valley is an area where the largest area of vineyards and wineries of the R\u00edas Baixas Designation of Origin is concentrated. The territory&hellip;<\/p>\n","protected":false},"author":1,"featured_media":0,"parent":0,"menu_order":0,"comment_status":"closed","ping_status":"closed","template":"page-fullwidth.php","meta":[],"_links":{"self":[{"href":"https:\/\/valdemeigas.es\/en\/wp-json\/wp\/v2\/pages\/2575"}],"collection":[{"href":"https:\/\/valdemeigas.es\/en\/wp-json\/wp\/v2\/pages"}],"about":[{"href":"https:\/\/valdemeigas.es\/en\/wp-json\/wp\/v2\/types\/page"}],"author":[{"embeddable":true,"href":"https:\/\/valdemeigas.es\/en\/wp-json\/wp\/v2\/users\/1"}],"replies":[{"embeddable":true,"href":"https:\/\/valdemeigas.es\/en\/wp-json\/wp\/v2\/comments?post=2575"}],"version-history":[{"count":31,"href":"https:\/\/valdemeigas.es\/en\/wp-json\/wp\/v2\/pages\/2575\/revisions"}],"predecessor-version":[{"id":2741,"href":"https:\/\/valdemeigas.es\/en\/wp-json\/wp\/v2\/pages\/2575\/revisions\/2741"}],"wp:attachment":[{"href":"https:\/\/valdemeigas.es\/en\/wp-json\/wp\/v2\/media?parent=2575"}],"curies":[{"name":"wp","href":"https:\/\/api.w.org\/{rel}","templated":true}]}}